{"id":10,"date":"2023-07-12T10:16:40","date_gmt":"2023-07-12T02:16:40","guid":{"rendered":"https:\/\/briquette-machines.com\/?page_id=10"},"modified":"2025-06-26T18:18:17","modified_gmt":"2025-06-26T10:18:17","slug":"about-us","status":"publish","type":"page","link":"https:\/\/briquette-machines.com\/es\/about-us\/","title":{"rendered":"Sobre nosotros"},"content":{"rendered":"<div class=\"wp-block-media-text alignwide is-stacked-on-mobile\"><figure class=\"wp-block-media-text__media\"><img loading=\"lazy\" decoding=\"async\" width=\"720\" height=\"540\" src=\"https:\/\/briquette-machines.com\/wp-content\/uploads\/2023\/07\/Shuliy-company-1.webp\" alt=\"\" class=\"wp-image-73 size-full\" srcset=\"https:\/\/briquette-machines.com\/wp-content\/uploads\/2023\/07\/Shuliy-company-1.webp 720w, https:\/\/briquette-machines.com\/wp-content\/uploads\/2023\/07\/Shuliy-company-1-300x225.webp 300w\" sizes=\"auto, (max-width: 720px) 100vw, 720px\" \/><\/figure><div class=\"wp-block-media-text__content\"> <h2 class=\"wp-block-heading\"><em>Maquinaria Shuliy<\/em><\/h2>    <p class=\"translation-block\"><em><strong>Shuliy Machinery<\/strong> es un fabricante y proveedor l\u00edder de m\u00e1quinas de carb\u00f3n y equipos de procesamiento de madera, con m\u00e1s de diez a\u00f1os de experiencia y una fuerte influencia en la industria.<\/em><\/p>    <p class=\"translation-block\"><em>Shuliy tiene un alcance global, exportando nuestros productos a m\u00e1s de 20 pa\u00edses en todo el mundo. Hemos establecido con \u00e9xito asociaciones y colaboraciones con clientes en diferentes regiones, sirviendo a una base de clientes diversa.<\/em><\/p> <\/div><\/div>    <div class=\"wp-block-media-text alignwide has-media-on-the-right is-stacked-on-mobile\"><div class=\"wp-block-media-text__content\"> <h2 class=\"wp-block-heading\"><em>\u00bfPor qu\u00e9 elegirnos?<\/em><\/h2>    <p class=\"translation-block\"><em><strong>Experiencia global:<\/strong> Nuestra presencia internacional nos permite entender y atender los requisitos \u00fanicos de cada mercado, proporcionando soluciones personalizadas y entrega r\u00e1pida de nuestro equipo.<\/em><\/p>    <p class=\"translation-block\"><em><strong>Certificaciones:<\/strong> La empresa Shuliy posee varias certificaciones y calificaciones, incluyendo ISO 9001, certificaci\u00f3n CE, certificaci\u00f3n SGS, etc.<\/em><\/p>    <p class=\"translation-block\"><em><strong>M\u00e1quina de calidad:<\/strong> nuestro equipo tiene un gran rendimiento en las f\u00e1bricas de los clientes. Y ellos los elogiaron con alta satisfacci\u00f3n.<\/em><\/p> <\/div><figure class=\"wp-block-media-text__media\"><img loading=\"lazy\" decoding=\"async\" width=\"720\" height=\"540\" src=\"https:\/\/briquette-machines.com\/wp-content\/uploads\/2023\/07\/wood-processing-plant.webp\" alt=\"planta procesadora de madera\" class=\"wp-image-69 size-full\" srcset=\"https:\/\/briquette-machines.com\/wp-content\/uploads\/2023\/07\/wood-processing-plant.webp 720w, https:\/\/briquette-machines.com\/wp-content\/uploads\/2023\/07\/wood-processing-plant-300x225.webp 300w\" sizes=\"auto, (max-width: 720px) 100vw, 720px\" \/><\/figure><\/div>    <div class=\"wp-block-media-text alignwide is-stacked-on-mobile\"><figure class=\"wp-block-media-text__media\"><img loading=\"lazy\" decoding=\"async\" width=\"720\" height=\"540\" src=\"https:\/\/briquette-machines.com\/wp-content\/uploads\/2025\/06\/\u753b\u677f-1_\u7ed3\u679c.webp\" alt=\"\" class=\"wp-image-1923 size-full\" srcset=\"https:\/\/briquette-machines.com\/wp-content\/uploads\/2025\/06\/\u753b\u677f-1_\u7ed3\u679c.webp 720w, https:\/\/briquette-machines.com\/wp-content\/uploads\/2025\/06\/\u753b\u677f-1_\u7ed3\u679c-300x225.webp 300w, https:\/\/briquette-machines.com\/wp-content\/uploads\/2025\/06\/\u753b\u677f-1_\u7ed3\u679c-16x12.webp 16w\" sizes=\"auto, (max-width: 720px) 100vw, 720px\" \/><\/figure><div class=\"wp-block-media-text__content\"> <h2 class=\"wp-block-heading\"><em>\u00bfQu\u00e9 ofrecemos?<\/em><\/h2>    <p class=\"translation-block\"><em>La empresa Shuliy ofrece una gama completa de equipos para diversas industrias, especializ\u00e1ndose en la producci\u00f3n de carb\u00f3n, procesamiento de madera y campos relacionados.<\/em><\/p>    <p class=\"translation-block\"><em>En la l\u00ednea de producci\u00f3n de carb\u00f3n, puedes elegir m\u00e1quinas de briquetas de carb\u00f3n que se utilizan para comprimir materiales de biomasa, como aserr\u00edn, astillas de madera, c\u00e1scaras de arroz o residuos agr\u00edcolas.<\/em><\/p>    <p class=\"translation-block\"><em>En la planta de procesamiento de madera, proporcionamos trituradoras de madera, m\u00e1quinas astilladoras de madera y trituradoras de madera. Y tambi\u00e9n tenemos m\u00e1quinas de pellets de biomasa, equipos de secado, m\u00e1quinas de envasado de carb\u00f3n y otros equipos.<\/em><\/p> <\/div><\/div>    <p><\/p>","protected":false},"excerpt":{"rendered":"<p>Shuliy Machinery Shuliy Machinery is a leading manufacturer and supplier of charcoal machines and wood processing equipment, with over ten years of experience and strong industry influence. Shuliy has a global reach, exporting our products to more than 20 countries across the world. We have successfully established partnerships and collaborations with clients in different regions, [&hellip;]<\/p>\n","protected":false},"author":1,"featured_media":0,"parent":0,"menu_order":0,"comment_status":"closed","ping_status":"closed","template":"","meta":{"footnotes":""},"class_list":["post-10","page","type-page","status-publish","hentry"],"_links":{"self":[{"href":"https:\/\/briquette-machines.com\/es\/wp-json\/wp\/v2\/pages\/10","targetHints":{"allow":["GET"]}}],"collection":[{"href":"https:\/\/briquette-machines.com\/es\/wp-json\/wp\/v2\/pages"}],"about":[{"href":"https:\/\/briquette-machines.com\/es\/wp-json\/wp\/v2\/types\/page"}],"author":[{"embeddable":true,"href":"https:\/\/briquette-machines.com\/es\/wp-json\/wp\/v2\/users\/1"}],"replies":[{"embeddable":true,"href":"https:\/\/briquette-machines.com\/es\/wp-json\/wp\/v2\/comments?post=10"}],"version-history":[{"count":0,"href":"https:\/\/briquette-machines.com\/es\/wp-json\/wp\/v2\/pages\/10\/revisions"}],"wp:attachment":[{"href":"https:\/\/briquette-machines.com\/es\/wp-json\/wp\/v2\/media?parent=10"}],"curies":[{"name":"wp","href":"https:\/\/api.w.org\/{rel}","templated":true}]}}