{"id":10,"date":"2023-07-12T10:16:40","date_gmt":"2023-07-12T02:16:40","guid":{"rendered":"https:\/\/briquette-machines.com\/?page_id=10"},"modified":"2025-06-26T18:18:17","modified_gmt":"2025-06-26T10:18:17","slug":"about-us","status":"publish","type":"page","link":"https:\/\/briquette-machines.com\/fr\/about-us\/","title":{"rendered":"\u00c0 propos de nous"},"content":{"rendered":"<div class=\"wp-block-media-text alignwide is-stacked-on-mobile\"><figure class=\"wp-block-media-text__media\"><img loading=\"lazy\" decoding=\"async\" width=\"720\" height=\"540\" src=\"https:\/\/briquette-machines.com\/wp-content\/uploads\/2023\/07\/Shuliy-company-1.webp\" alt=\"\" class=\"wp-image-73 size-full\" srcset=\"https:\/\/briquette-machines.com\/wp-content\/uploads\/2023\/07\/Shuliy-company-1.webp 720w, https:\/\/briquette-machines.com\/wp-content\/uploads\/2023\/07\/Shuliy-company-1-300x225.webp 300w\" sizes=\"auto, (max-width: 720px) 100vw, 720px\" \/><\/figure><div class=\"wp-block-media-text__content\"> <h2 class=\"wp-block-heading\"><em>Machines Shuliy<\/em><\/h2>    <p class=\"translation-block\"><em><strong>Shuliy Machinery<\/strong> est un fabricant et fournisseur de premier plan de machines \u00e0 charbon et d'\u00e9quipements de transformation du bois, avec plus de dix ans d'exp\u00e9rience et une forte influence dans l'industrie.<\/em><\/p>    <p class=\"translation-block\"><em>Shuliy a une port\u00e9e mondiale, exportant nos produits vers plus de 20 pays \u00e0 travers le monde. Nous avons r\u00e9ussi \u00e0 \u00e9tablir des partenariats et des collaborations avec des clients dans diff\u00e9rentes r\u00e9gions, servant une client\u00e8le diversifi\u00e9e.<\/em><\/p> <\/div><\/div>    <div class=\"wp-block-media-text alignwide has-media-on-the-right is-stacked-on-mobile\"><div class=\"wp-block-media-text__content\"> <h2 class=\"wp-block-heading\"><em>Pourquoi nous choisir?<\/em><\/h2>    <p class=\"translation-block\"><em><strong>Exp\u00e9rience mondiale :<\/strong> Notre pr\u00e9sence internationale nous permet de comprendre et de r\u00e9pondre aux exigences uniques de chaque march\u00e9, en fournissant des solutions personnalis\u00e9es et une livraison rapide de notre \u00e9quipement.<\/em><\/p>    <p class=\"translation-block\"><em><strong>Certifications :<\/strong> La soci\u00e9t\u00e9 Shuliy poss\u00e8de diverses certifications et qualifications, y compris ISO 9001, certification CE, certification SGS, etc.<\/em><\/p>    <p class=\"translation-block\"><em><strong>Machine de qualit\u00e9 :<\/strong> notre \u00e9quipement a de grandes performances dans les usines de nos clients. Et ils les ont lou\u00e9s avec une grande satisfaction.<\/em><\/p> <\/div><figure class=\"wp-block-media-text__media\"><img loading=\"lazy\" decoding=\"async\" width=\"720\" height=\"540\" src=\"https:\/\/briquette-machines.com\/wp-content\/uploads\/2023\/07\/wood-processing-plant.webp\" alt=\"usine de transformation du bois\" class=\"wp-image-69 size-full\" srcset=\"https:\/\/briquette-machines.com\/wp-content\/uploads\/2023\/07\/wood-processing-plant.webp 720w, https:\/\/briquette-machines.com\/wp-content\/uploads\/2023\/07\/wood-processing-plant-300x225.webp 300w\" sizes=\"auto, (max-width: 720px) 100vw, 720px\" \/><\/figure><\/div>    <div class=\"wp-block-media-text alignwide is-stacked-on-mobile\"><figure class=\"wp-block-media-text__media\"><img loading=\"lazy\" decoding=\"async\" width=\"720\" height=\"540\" src=\"https:\/\/briquette-machines.com\/wp-content\/uploads\/2025\/06\/\u753b\u677f-1_\u7ed3\u679c.webp\" alt=\"\" class=\"wp-image-1923 size-full\" srcset=\"https:\/\/briquette-machines.com\/wp-content\/uploads\/2025\/06\/\u753b\u677f-1_\u7ed3\u679c.webp 720w, https:\/\/briquette-machines.com\/wp-content\/uploads\/2025\/06\/\u753b\u677f-1_\u7ed3\u679c-300x225.webp 300w, https:\/\/briquette-machines.com\/wp-content\/uploads\/2025\/06\/\u753b\u677f-1_\u7ed3\u679c-16x12.webp 16w\" sizes=\"auto, (max-width: 720px) 100vw, 720px\" \/><\/figure><div class=\"wp-block-media-text__content\"> <h2 class=\"wp-block-heading\"><em>Que proposons-nous ?<\/em><\/h2>    <p class=\"translation-block\"><em>La soci\u00e9t\u00e9 Shuliy propose une gamme compl\u00e8te d'\u00e9quipements pour diverses industries, sp\u00e9cialis\u00e9e dans la production de charbon, le traitement du bois et des domaines connexes.<\/em><\/p>    <p class=\"translation-block\"><em>Dans la ligne de production de charbon, vous pouvez choisir des machines \u00e0 briquettes de charbon qui sont utilis\u00e9es pour compresser des mat\u00e9riaux biologiques, tels que la sciure, les copeaux de bois, les cosses de riz ou les r\u00e9sidus agricoles.<\/em><\/p>    <p class=\"translation-block\"><em>Dans l'usine de transformation du bois, nous fournissons des d\u00e9chiqueteuses \u00e0 bois, des machines \u00e0 broyer le bois et des broyeurs de bois. Et nous avons \u00e9galement des machines \u00e0 pellets de biomasse, des \u00e9quipements de s\u00e9chage, des machines d'emballage de charbon et d'autres \u00e9quipements.<\/em><\/p> <\/div><\/div>    <p><\/p>","protected":false},"excerpt":{"rendered":"<p>Shuliy Machinery Shuliy Machinery is a leading manufacturer and supplier of charcoal machines and wood processing equipment, with over ten years of experience and strong industry influence. Shuliy has a global reach, exporting our products to more than 20 countries across the world. We have successfully established partnerships and collaborations with clients in different regions, [&hellip;]<\/p>\n","protected":false},"author":1,"featured_media":0,"parent":0,"menu_order":0,"comment_status":"closed","ping_status":"closed","template":"","meta":{"footnotes":""},"class_list":["post-10","page","type-page","status-publish","hentry"],"_links":{"self":[{"href":"https:\/\/briquette-machines.com\/fr\/wp-json\/wp\/v2\/pages\/10","targetHints":{"allow":["GET"]}}],"collection":[{"href":"https:\/\/briquette-machines.com\/fr\/wp-json\/wp\/v2\/pages"}],"about":[{"href":"https:\/\/briquette-machines.com\/fr\/wp-json\/wp\/v2\/types\/page"}],"author":[{"embeddable":true,"href":"https:\/\/briquette-machines.com\/fr\/wp-json\/wp\/v2\/users\/1"}],"replies":[{"embeddable":true,"href":"https:\/\/briquette-machines.com\/fr\/wp-json\/wp\/v2\/comments?post=10"}],"version-history":[{"count":0,"href":"https:\/\/briquette-machines.com\/fr\/wp-json\/wp\/v2\/pages\/10\/revisions"}],"wp:attachment":[{"href":"https:\/\/briquette-machines.com\/fr\/wp-json\/wp\/v2\/media?parent=10"}],"curies":[{"name":"wp","href":"https:\/\/api.w.org\/{rel}","templated":true}]}}