{"id":10,"date":"2023-07-12T10:16:40","date_gmt":"2023-07-12T02:16:40","guid":{"rendered":"https:\/\/briquette-machines.com\/?page_id=10"},"modified":"2025-06-26T18:18:17","modified_gmt":"2025-06-26T10:18:17","slug":"about-us","status":"publish","type":"page","link":"https:\/\/briquette-machines.com\/pt\/about-us\/","title":{"rendered":"Sobre n\u00f3s"},"content":{"rendered":"<div class=\"wp-block-media-text alignwide is-stacked-on-mobile\"><figure class=\"wp-block-media-text__media\"><img loading=\"lazy\" decoding=\"async\" width=\"720\" height=\"540\" src=\"https:\/\/briquette-machines.com\/wp-content\/uploads\/2023\/07\/Shuliy-company-1.webp\" alt=\"\" class=\"wp-image-73 size-full\" srcset=\"https:\/\/briquette-machines.com\/wp-content\/uploads\/2023\/07\/Shuliy-company-1.webp 720w, https:\/\/briquette-machines.com\/wp-content\/uploads\/2023\/07\/Shuliy-company-1-300x225.webp 300w\" sizes=\"auto, (max-width: 720px) 100vw, 720px\" \/><\/figure><div class=\"wp-block-media-text__content\"> <h2 class=\"wp-block-heading\"><em>M\u00e1quinas Shuliy<\/em><\/h2>    <p class=\"translation-block\"><em><strong>Shuliy Machinery<\/strong> \u00e9 um fabricante e fornecedor l\u00edder de m\u00e1quinas de carv\u00e3o e equipamentos de processamento de madeira, com mais de dez anos de experi\u00eancia e forte influ\u00eancia na ind\u00fastria.<\/em><\/p>    <p class=\"translation-block\"><em>A Shuliy tem um alcance global, exportando os nossos produtos para mais de 20 pa\u00edses em todo o mundo. Estabelecemos com sucesso parcerias e colabora\u00e7\u00f5es com clientes em diferentes regi\u00f5es, servindo uma base de clientes diversificada.<\/em><\/p> <\/div><\/div>    <div class=\"wp-block-media-text alignwide has-media-on-the-right is-stacked-on-mobile\"><div class=\"wp-block-media-text__content\"> <h2 class=\"wp-block-heading\"><em>Por que nos escolher?<\/em><\/h2>    <p class=\"translation-block\"><em><strong>Experi\u00eancia global:<\/strong> A nossa presen\u00e7a internacional permite-nos compreender e atender aos requisitos \u00fanicos de cada mercado, fornecendo solu\u00e7\u00f5es personalizadas e entrega r\u00e1pida dos nossos equipamentos.<\/em><\/p>    <p class=\"translation-block\"><em><strong>Certifica\u00e7\u00f5es:<\/strong> A Shuliy Company possui v\u00e1rias certifica\u00e7\u00f5es e qualifica\u00e7\u00f5es, incluindo ISO 9001, certifica\u00e7\u00e3o CE, certifica\u00e7\u00e3o SGS, etc.<\/em><\/p>    <p class=\"translation-block\"><em><strong>M\u00e1quina de qualidade:<\/strong> o nosso equipamento tem um \u00f3timo desempenho nas f\u00e1bricas dos clientes. E eles elogiaram-nos com alta satisfa\u00e7\u00e3o.<\/em><\/p> <\/div><figure class=\"wp-block-media-text__media\"><img loading=\"lazy\" decoding=\"async\" width=\"720\" height=\"540\" src=\"https:\/\/briquette-machines.com\/wp-content\/uploads\/2023\/07\/wood-processing-plant.webp\" alt=\"planta de processamento de madeira\" class=\"wp-image-69 size-full\" srcset=\"https:\/\/briquette-machines.com\/wp-content\/uploads\/2023\/07\/wood-processing-plant.webp 720w, https:\/\/briquette-machines.com\/wp-content\/uploads\/2023\/07\/wood-processing-plant-300x225.webp 300w\" sizes=\"auto, (max-width: 720px) 100vw, 720px\" \/><\/figure><\/div>    <div class=\"wp-block-media-text alignwide is-stacked-on-mobile\"><figure class=\"wp-block-media-text__media\"><img loading=\"lazy\" decoding=\"async\" width=\"720\" height=\"540\" src=\"https:\/\/briquette-machines.com\/wp-content\/uploads\/2025\/06\/\u753b\u677f-1_\u7ed3\u679c.webp\" alt=\"\" class=\"wp-image-1923 size-full\" srcset=\"https:\/\/briquette-machines.com\/wp-content\/uploads\/2025\/06\/\u753b\u677f-1_\u7ed3\u679c.webp 720w, https:\/\/briquette-machines.com\/wp-content\/uploads\/2025\/06\/\u753b\u677f-1_\u7ed3\u679c-300x225.webp 300w, https:\/\/briquette-machines.com\/wp-content\/uploads\/2025\/06\/\u753b\u677f-1_\u7ed3\u679c-16x12.webp 16w\" sizes=\"auto, (max-width: 720px) 100vw, 720px\" \/><\/figure><div class=\"wp-block-media-text__content\"> <h2 class=\"wp-block-heading\"><em>O que fornecemos?<\/em><\/h2>    <p class=\"translation-block\"><em>A Shuliy Company oferece uma gama abrangente de equipamentos para v\u00e1rias ind\u00fastrias, especializando-se na produ\u00e7\u00e3o de carv\u00e3o, processamento de madeira e \u00e1reas relacionadas.<\/em><\/p>    <p class=\"translation-block\"><em>Na linha de produ\u00e7\u00e3o de carv\u00e3o, pode escolher m\u00e1quinas de briquetagem de carv\u00e3o que s\u00e3o usadas para comprimir materiais de biomassa, como serradura, aparas de madeira, cascas de arroz ou res\u00edduos agr\u00edcolas.<\/em><\/p>    <p class=\"translation-block\"><em>Na f\u00e1brica de processamento de madeira, fornecemos trituradores de madeira, m\u00e1quinas picadoras de madeira e trituradores de madeira. E tamb\u00e9m temos m\u00e1quinas de pellets de biomassa, equipamentos de secagem, m\u00e1quinas de embalagem de carv\u00e3o e outros equipamentos.<\/em><\/p> <\/div><\/div>    <p><\/p>","protected":false},"excerpt":{"rendered":"<p>Shuliy Machinery Shuliy Machinery is a leading manufacturer and supplier of charcoal machines and wood processing equipment, with over ten years of experience and strong industry influence. Shuliy has a global reach, exporting our products to more than 20 countries across the world. We have successfully established partnerships and collaborations with clients in different regions, [&hellip;]<\/p>\n","protected":false},"author":1,"featured_media":0,"parent":0,"menu_order":0,"comment_status":"closed","ping_status":"closed","template":"","meta":{"footnotes":""},"class_list":["post-10","page","type-page","status-publish","hentry"],"_links":{"self":[{"href":"https:\/\/briquette-machines.com\/pt\/wp-json\/wp\/v2\/pages\/10","targetHints":{"allow":["GET"]}}],"collection":[{"href":"https:\/\/briquette-machines.com\/pt\/wp-json\/wp\/v2\/pages"}],"about":[{"href":"https:\/\/briquette-machines.com\/pt\/wp-json\/wp\/v2\/types\/page"}],"author":[{"embeddable":true,"href":"https:\/\/briquette-machines.com\/pt\/wp-json\/wp\/v2\/users\/1"}],"replies":[{"embeddable":true,"href":"https:\/\/briquette-machines.com\/pt\/wp-json\/wp\/v2\/comments?post=10"}],"version-history":[{"count":0,"href":"https:\/\/briquette-machines.com\/pt\/wp-json\/wp\/v2\/pages\/10\/revisions"}],"wp:attachment":[{"href":"https:\/\/briquette-machines.com\/pt\/wp-json\/wp\/v2\/media?parent=10"}],"curies":[{"name":"wp","href":"https:\/\/api.w.org\/{rel}","templated":true}]}}