{"id":10,"date":"2023-07-12T10:16:40","date_gmt":"2023-07-12T02:16:40","guid":{"rendered":"https:\/\/briquette-machines.com\/?page_id=10"},"modified":"2025-06-26T18:18:17","modified_gmt":"2025-06-26T10:18:17","slug":"about-us","status":"publish","type":"page","link":"https:\/\/briquette-machines.com\/vi\/about-us\/","title":{"rendered":"V\u1ec1 ch\u00fang t\u00f4i"},"content":{"rendered":"<div class=\"wp-block-media-text alignwide is-stacked-on-mobile\"><figure class=\"wp-block-media-text__media\"><img loading=\"lazy\" decoding=\"async\" width=\"720\" height=\"540\" src=\"https:\/\/briquette-machines.com\/wp-content\/uploads\/2023\/07\/Shuliy-company-1.webp\" alt=\"\" class=\"wp-image-73 size-full\" srcset=\"https:\/\/briquette-machines.com\/wp-content\/uploads\/2023\/07\/Shuliy-company-1.webp 720w, https:\/\/briquette-machines.com\/wp-content\/uploads\/2023\/07\/Shuliy-company-1-300x225.webp 300w\" sizes=\"auto, (max-width: 720px) 100vw, 720px\" \/><\/figure><div class=\"wp-block-media-text__content\"> <h2 class=\"wp-block-heading\"><em>M\u00e1y m\u00f3c Shuliy<\/em><\/h2>    <p class=\"translation-block\"><em><strong>Shuliy Machinery<\/strong> l\u00e0 nh\u00e0 s\u1ea3n xu\u1ea5t v\u00e0 cung c\u1ea5p h\u00e0ng \u0111\u1ea7u v\u1ec1 m\u00e1y l\u00e0m than v\u00e0 thi\u1ebft b\u1ecb ch\u1ebf bi\u1ebfn g\u1ed7, v\u1edbi h\u01a1n m\u01b0\u1eddi n\u0103m kinh nghi\u1ec7m v\u00e0 \u1ea3nh h\u01b0\u1edfng m\u1ea1nh m\u1ebd trong ng\u00e0nh.<\/em><\/p>    <p class=\"translation-block\"><em>Shuliy c\u00f3 ph\u1ea1m vi ho\u1ea1t \u0111\u1ed9ng to\u00e0n c\u1ea7u, xu\u1ea5t kh\u1ea9u s\u1ea3n ph\u1ea9m c\u1ee7a ch\u00fang t\u00f4i \u0111\u1ebfn h\u01a1n 20 qu\u1ed1c gia tr\u00ean th\u1ebf gi\u1edbi. Ch\u00fang t\u00f4i \u0111\u00e3 thi\u1ebft l\u1eadp th\u00e0nh c\u00f4ng c\u00e1c m\u1ed1i quan h\u1ec7 \u0111\u1ed1i t\u00e1c v\u00e0 h\u1ee3p t\u00e1c v\u1edbi kh\u00e1ch h\u00e0ng \u1edf c\u00e1c khu v\u1ef1c kh\u00e1c nhau, ph\u1ee5c v\u1ee5 c\u01a1 s\u1edf kh\u00e1ch h\u00e0ng \u0111a d\u1ea1ng.<\/em><\/p> <\/div><\/div>    <div class=\"wp-block-media-text alignwide has-media-on-the-right is-stacked-on-mobile\"><div class=\"wp-block-media-text__content\"> <h2 class=\"wp-block-heading\"><em>T\u1ea1i sao ch\u1ecdn ch\u00fang t\u00f4i?<\/em><\/h2>    <p class=\"translation-block\"><em><strong>Kinh nghi\u1ec7m to\u00e0n c\u1ea7u:<\/strong> S\u1ef1 hi\u1ec7n di\u1ec7n qu\u1ed1c t\u1ebf c\u1ee7a ch\u00fang t\u00f4i cho ph\u00e9p ch\u00fang t\u00f4i hi\u1ec3u v\u00e0 \u0111\u00e1p \u1ee9ng c\u00e1c y\u00eau c\u1ea7u ri\u00eang c\u1ee7a t\u1eebng th\u1ecb tr\u01b0\u1eddng, cung c\u1ea5p c\u00e1c gi\u1ea3i ph\u00e1p t\u00f9y ch\u1ec9nh v\u00e0 giao thi\u1ebft b\u1ecb k\u1ecbp th\u1eddi.<\/em><\/p>    <p class=\"translation-block\"><em><strong>Ch\u1ee9ng nh\u1eadn:<\/strong> Shuliy Company s\u1edf h\u1eefu nhi\u1ec1u ch\u1ee9ng nh\u1eadn v\u00e0 b\u1eb1ng c\u1ea5p kh\u00e1c nhau, bao g\u1ed3m ISO 9001, ch\u1ee9ng nh\u1eadn CE, ch\u1ee9ng nh\u1eadn SGS, v.v.<\/em><\/p>    <p class=\"translation-block\"><em><strong>M\u00e1y ch\u1ea5t l\u01b0\u1ee3ng cao:<\/strong> thi\u1ebft b\u1ecb c\u1ee7a ch\u00fang t\u00f4i c\u00f3 hi\u1ec7u su\u1ea5t tuy\u1ec7t v\u1eddi t\u1ea1i c\u00e1c nh\u00e0 m\u00e1y c\u1ee7a kh\u00e1ch h\u00e0ng. V\u00e0 h\u1ecd \u0111\u00e3 \u0111\u00e1nh gi\u00e1 cao ch\u00fang v\u1edbi s\u1ef1 h\u00e0i l\u00f2ng cao.<\/em><\/p> <\/div><figure class=\"wp-block-media-text__media\"><img loading=\"lazy\" decoding=\"async\" width=\"720\" height=\"540\" src=\"https:\/\/briquette-machines.com\/wp-content\/uploads\/2023\/07\/wood-processing-plant.webp\" alt=\"nh\u00e0 m\u00e1y ch\u1ebf bi\u1ebfn g\u1ed7\" class=\"wp-image-69 size-full\" srcset=\"https:\/\/briquette-machines.com\/wp-content\/uploads\/2023\/07\/wood-processing-plant.webp 720w, https:\/\/briquette-machines.com\/wp-content\/uploads\/2023\/07\/wood-processing-plant-300x225.webp 300w\" sizes=\"auto, (max-width: 720px) 100vw, 720px\" \/><\/figure><\/div>    <div class=\"wp-block-media-text alignwide is-stacked-on-mobile\"><figure class=\"wp-block-media-text__media\"><img loading=\"lazy\" decoding=\"async\" width=\"720\" height=\"540\" src=\"https:\/\/briquette-machines.com\/wp-content\/uploads\/2025\/06\/\u753b\u677f-1_\u7ed3\u679c.webp\" alt=\"\" class=\"wp-image-1923 size-full\" srcset=\"https:\/\/briquette-machines.com\/wp-content\/uploads\/2025\/06\/\u753b\u677f-1_\u7ed3\u679c.webp 720w, https:\/\/briquette-machines.com\/wp-content\/uploads\/2025\/06\/\u753b\u677f-1_\u7ed3\u679c-300x225.webp 300w, https:\/\/briquette-machines.com\/wp-content\/uploads\/2025\/06\/\u753b\u677f-1_\u7ed3\u679c-16x12.webp 16w\" sizes=\"auto, (max-width: 720px) 100vw, 720px\" \/><\/figure><div class=\"wp-block-media-text__content\"> <h2 class=\"wp-block-heading\"><em>Ch\u00fang t\u00f4i cung c\u1ea5p g\u00ec?<\/em><\/h2>    <p class=\"translation-block\"><em>Shuliy Company cung c\u1ea5p m\u1ed9t lo\u1ea1t c\u00e1c thi\u1ebft b\u1ecb to\u00e0n di\u1ec7n cho c\u00e1c ng\u00e0nh c\u00f4ng nghi\u1ec7p kh\u00e1c nhau, chuy\u00ean s\u1ea3n xu\u1ea5t than, ch\u1ebf bi\u1ebfn g\u1ed7 v\u00e0 c\u00e1c l\u0129nh v\u1ef1c li\u00ean quan.<\/em><\/p>    <p class=\"translation-block\"><em>Trong d\u00e2y chuy\u1ec1n s\u1ea3n xu\u1ea5t than, b\u1ea1n c\u00f3 th\u1ec3 ch\u1ecdn m\u00e1y \u00e9p than \u0111\u01b0\u1ee3c s\u1eed d\u1ee5ng \u0111\u1ec3 n\u00e9n c\u00e1c v\u1eadt li\u1ec7u sinh kh\u1ed1i, ch\u1eb3ng h\u1ea1n nh\u01b0 m\u00f9n c\u01b0a, d\u0103m g\u1ed7, v\u1ecf tr\u1ea5u ho\u1eb7c ch\u1ea5t th\u1ea3i n\u00f4ng nghi\u1ec7p.<\/em><\/p>    <p class=\"translation-block\"><em>Trong nh\u00e0 m\u00e1y ch\u1ebf bi\u1ebfn g\u1ed7, ch\u00fang t\u00f4i cung c\u1ea5p m\u00e1y h\u1ee7y g\u1ed7, m\u00e1y b\u0103m g\u1ed7 v\u00e0 m\u00e1y nghi\u1ec1n g\u1ed7. V\u00e0 ch\u00fang t\u00f4i c\u0169ng c\u00f3 m\u00e1y \u00e9p vi\u00ean sinh kh\u1ed1i, thi\u1ebft b\u1ecb s\u1ea5y, m\u00e1y \u0111\u00f3ng g\u00f3i than v\u00e0 c\u00e1c thi\u1ebft b\u1ecb kh\u00e1c.<\/em><\/p> <\/div><\/div>    <p><\/p>","protected":false},"excerpt":{"rendered":"<p>Shuliy Machinery Shuliy Machinery is a leading manufacturer and supplier of charcoal machines and wood processing equipment, with over ten years of experience and strong industry influence. Shuliy has a global reach, exporting our products to more than 20 countries across the world. We have successfully established partnerships and collaborations with clients in different regions, [&hellip;]<\/p>\n","protected":false},"author":1,"featured_media":0,"parent":0,"menu_order":0,"comment_status":"closed","ping_status":"closed","template":"","meta":{"footnotes":""},"class_list":["post-10","page","type-page","status-publish","hentry"],"_links":{"self":[{"href":"https:\/\/briquette-machines.com\/vi\/wp-json\/wp\/v2\/pages\/10","targetHints":{"allow":["GET"]}}],"collection":[{"href":"https:\/\/briquette-machines.com\/vi\/wp-json\/wp\/v2\/pages"}],"about":[{"href":"https:\/\/briquette-machines.com\/vi\/wp-json\/wp\/v2\/types\/page"}],"author":[{"embeddable":true,"href":"https:\/\/briquette-machines.com\/vi\/wp-json\/wp\/v2\/users\/1"}],"replies":[{"embeddable":true,"href":"https:\/\/briquette-machines.com\/vi\/wp-json\/wp\/v2\/comments?post=10"}],"version-history":[{"count":0,"href":"https:\/\/briquette-machines.com\/vi\/wp-json\/wp\/v2\/pages\/10\/revisions"}],"wp:attachment":[{"href":"https:\/\/briquette-machines.com\/vi\/wp-json\/wp\/v2\/media?parent=10"}],"curies":[{"name":"wp","href":"https:\/\/api.w.org\/{rel}","templated":true}]}}